{"id":84,"date":"2025-10-22T10:25:57","date_gmt":"2025-10-22T10:25:57","guid":{"rendered":"http:\/\/hps-campus.de\/?page_id=84"},"modified":"2026-03-22T21:15:10","modified_gmt":"2026-03-22T21:15:10","slug":"ueber-uns-hps-campus-praesentieren-lernen-zukunft-gestalten","status":"publish","type":"page","link":"https:\/\/hps-campus.de\/en\/ueber-uns-hps-campus-praesentieren-lernen-zukunft-gestalten\/","title":{"rendered":"\u00dcber uns"},"content":{"rendered":"<div data-elementor-type=\"wp-page\" data-elementor-id=\"84\" class=\"elementor elementor-84\" data-elementor-post-type=\"page\">\n\t\t\t\t<div class=\"elementor-element elementor-element-78ac728 e-con-full e-flex e-con e-parent\" data-id=\"78ac728\" data-element_type=\"container\" data-settings=\"{&quot;background_background&quot;:&quot;classic&quot;}\">\n\t\t<div class=\"elementor-element elementor-element-738c130 e-grid e-con-boxed e-con e-child\" data-id=\"738c130\" data-element_type=\"container\">\n\t\t\t\t\t<div class=\"e-con-inner\">\n\t\t<div class=\"elementor-element elementor-element-c692f3a e-con-full elementor-hidden-mobile e-flex e-con e-child\" data-id=\"c692f3a\" data-element_type=\"container\">\n\t\t\t\t<\/div>\n\t\t<div class=\"elementor-element elementor-element-02f3eba e-con-full e-flex e-con e-child\" data-id=\"02f3eba\" data-element_type=\"container\">\n\t\t\t\t<div class=\"elementor-element elementor-element-be2412e elementor-widget-mobile__width-initial elementor-widget elementor-widget-heading\" data-id=\"be2412e\" data-element_type=\"widget\" data-widget_type=\"heading.default\">\n\t\t\t\t\t<h2 class=\"elementor-heading-title elementor-size-default\">Get fit for tomorrow with us today.<\/h2>\t\t\t\t<\/div>\n\t\t\t\t<div class=\"elementor-element elementor-element-c484b3d elementor-align-left elementor-tablet-align-left elementor-mobile-align-left elementor-widget elementor-widget-button\" data-id=\"c484b3d\" data-element_type=\"widget\" data-widget_type=\"button.default\">\n\t\t\t\t\t\t\t\t\t\t<a class=\"elementor-button elementor-button-link elementor-size-sm\" href=\"https:\/\/hps-campus.de\/en\/kontakt-hps-campus-beratung-zu-praesentationstraining-fuer-studierende\/\">\n\t\t\t\t\t\t<span class=\"elementor-button-content-wrapper\">\n\t\t\t\t\t\t\t\t\t<span class=\"elementor-button-text\">Get in touch<\/span>\n\t\t\t\t\t<\/span>\n\t\t\t\t\t<\/a>\n\t\t\t\t\t\t\t\t<\/div>\n\t\t\t\t<\/div>\n\t\t\t\t\t<\/div>\n\t\t\t\t<\/div>\n\t\t\t\t<\/div>\n\t\t<div class=\"elementor-element elementor-element-26d6a506 e-flex e-con-boxed e-con e-parent\" data-id=\"26d6a506\" data-element_type=\"container\">\n\t\t\t\t\t<div class=\"e-con-inner\">\n\t\t<div class=\"elementor-element elementor-element-3d9bd37c e-con-full e-flex e-con e-child\" data-id=\"3d9bd37c\" data-element_type=\"container\">\n\t\t\t\t<div class=\"elementor-element elementor-element-54a20ac4 elementor-widget elementor-widget-heading\" data-id=\"54a20ac4\" data-element_type=\"widget\" data-widget_type=\"heading.default\">\n\t\t\t\t\t<h2 class=\"elementor-heading-title elementor-size-default\">HPS CAMPUS \u2013 Learn to present, shape the future<\/h2>\t\t\t\t<\/div>\n\t\t\t\t<div class=\"elementor-element elementor-element-4fe7475d elementor-widget__width-initial elementor-widget elementor-widget-text-editor\" data-id=\"4fe7475d\" data-element_type=\"widget\" data-widget_type=\"text-editor.default\">\n\t\t\t\t\t\t\t\t\t<p data-start=\"525\" data-end=\"875\">Am HPS CAMPUS unterst\u00fctzen wir Studierende dabei, ihre Kommunikations- und Pr\u00e4sentationskompetenzen gezielt auszubauen. In einer Welt, in der Fachwissen allein nicht mehr ausreicht, wird die F\u00e4higkeit, \u00fcberzeugend aufzutreten und Inhalte verst\u00e4ndlich zu vermitteln, zum Erfolgsfaktor. Genau hier setzen wir an \u2013 mit praxisnahen Trainings auf Augenh\u00f6he.<\/p><p data-start=\"525\" data-end=\"875\">Unser Team aus erfahrenen Coaches arbeitet mit innovativen Methoden, wertsch\u00e4tzendem Feedback und klarer Struktur. Hochschulen sch\u00e4tzen unsere passgenauen Formate, die sich nahtlos in Studieng\u00e4nge integrieren lassen und Studierende auf die Herausforderungen von morgen vorbereiten.<\/p>\t\t\t\t\t\t\t\t<\/div>\n\t\t\t\t<div class=\"elementor-element elementor-element-bbcb224 elementor-align-left elementor-tablet-align-center elementor-mobile-align-left elementor-widget elementor-widget-button\" data-id=\"bbcb224\" data-element_type=\"widget\" data-widget_type=\"button.default\">\n\t\t\t\t\t\t\t\t\t\t<a class=\"elementor-button elementor-button-link elementor-size-sm\" href=\"http:\/\/hps-campus.de\/en\/#Trainings\">\n\t\t\t\t\t\t<span class=\"elementor-button-content-wrapper\">\n\t\t\t\t\t\t\t\t\t<span class=\"elementor-button-text\">About the training sessions<\/span>\n\t\t\t\t\t<\/span>\n\t\t\t\t\t<\/a>\n\t\t\t\t\t\t\t\t<\/div>\n\t\t\t\t<\/div>\n\t\t<div class=\"elementor-element elementor-element-242a0027 e-con-full e-flex e-con e-child\" data-id=\"242a0027\" data-element_type=\"container\">\n\t\t<div class=\"elementor-element elementor-element-5d7c065b e-con-full e-flex e-con e-child\" data-id=\"5d7c065b\" data-element_type=\"container\">\n\t\t<div class=\"elementor-element elementor-element-362cab32 e-con-full e-flex elementor-invisible e-con e-child\" data-id=\"362cab32\" data-element_type=\"container\" data-settings=\"{&quot;background_background&quot;:&quot;classic&quot;,&quot;animation&quot;:&quot;fadeInRight&quot;}\">\n\t\t\t\t<div class=\"elementor-element elementor-element-0c21411 elementor-widget elementor-widget-image\" data-id=\"0c21411\" data-element_type=\"widget\" data-widget_type=\"image.default\">\n\t\t\t\t\t\t\t\t\t\t\t\t\t\t\t<img fetchpriority=\"high\" decoding=\"async\" width=\"640\" height=\"640\" src=\"https:\/\/hps-campus.de\/wp-content\/uploads\/2025\/10\/Gemini_Generated_Image_693q8w693q8w693q.png\" class=\"attachment-full size-full wp-image-52\" alt=\"\" srcset=\"https:\/\/hps-campus.de\/wp-content\/uploads\/2025\/10\/Gemini_Generated_Image_693q8w693q8w693q.png 640w, https:\/\/hps-campus.de\/wp-content\/uploads\/2025\/10\/Gemini_Generated_Image_693q8w693q8w693q-300x300.png 300w, https:\/\/hps-campus.de\/wp-content\/uploads\/2025\/10\/Gemini_Generated_Image_693q8w693q8w693q-150x150.png 150w\" sizes=\"(max-width: 640px) 100vw, 640px\" \/>\t\t\t\t\t\t\t\t\t\t\t\t\t\t\t<\/div>\n\t\t\t\t<\/div>\n\t\t\t\t<\/div>\n\t\t\t\t<\/div>\n\t\t\t\t\t<\/div>\n\t\t\t\t<\/div>\n\t\t<div class=\"elementor-element elementor-element-2ac6dfc e-flex e-con-boxed e-con e-parent\" data-id=\"2ac6dfc\" data-element_type=\"container\">\n\t\t\t\t\t<div class=\"e-con-inner\">\n\t\t<div class=\"elementor-element elementor-element-5b6db57 e-con-full e-flex e-con e-child\" data-id=\"5b6db57\" data-element_type=\"container\">\n\t\t\t\t<div class=\"elementor-element elementor-element-a9253bb elementor-widget elementor-widget-elementskit-image-box\" data-id=\"a9253bb\" data-element_type=\"widget\" data-widget_type=\"elementskit-image-box.default\">\n\t\t\t\t\t<div class=\"ekit-wid-con\" >\n            <div class=\"elementskit-info-image-box ekit-image-box text-center floating-style\" >\n\n                \n                <div class=\"elementskit-box-header image-box-img-center\">\n\n                    <img decoding=\"async\" width=\"774\" height=\"770\" src=\"https:\/\/hps-campus.de\/wp-content\/uploads\/2025\/10\/Bildschirmfoto_16-7-2025_123749_.jpeg\" class=\"attachment-full size-full wp-image-19\" alt=\"\" srcset=\"https:\/\/hps-campus.de\/wp-content\/uploads\/2025\/10\/Bildschirmfoto_16-7-2025_123749_.jpeg 774w, https:\/\/hps-campus.de\/wp-content\/uploads\/2025\/10\/Bildschirmfoto_16-7-2025_123749_-300x298.jpeg 300w, https:\/\/hps-campus.de\/wp-content\/uploads\/2025\/10\/Bildschirmfoto_16-7-2025_123749_-150x150.jpeg 150w, https:\/\/hps-campus.de\/wp-content\/uploads\/2025\/10\/Bildschirmfoto_16-7-2025_123749_-768x764.jpeg 768w\" sizes=\"(max-width: 774px) 100vw, 774px\" \/>\n                <\/div>\n                \n                <div class=\"elementskit-box-body ekit-image-box-body\">\n                    <div class=\"elementskit-box-content ekit-image-box-body-inner\">\n                                                <h3 class=\"elementskit-info-box-title\">\n\n                        Emil Bergfeld\n                        \n                    <\/h3>\n                                                            <div class=\"elementskit-box-style-content\">\n                        Business and university trainer, managing director\n<br>\n<br>\ud83d\udce7 ebergfeld@hps-campus.de\n<br>\ud83d\udcf1 +49 (0) 173 6936328                    <\/div>\n                                    <\/div>\n\n                            <\/div>\n            <\/div>\n    <\/div>\t\t\t\t<\/div>\n\t\t\t\t<\/div>\n\t\t<div class=\"elementor-element elementor-element-e484602 e-con-full e-flex e-con e-child\" data-id=\"e484602\" data-element_type=\"container\">\n\t\t<div class=\"elementor-element elementor-element-47e2521 e-con-full e-flex e-con e-child\" data-id=\"47e2521\" data-element_type=\"container\">\n\t\t\t\t<div class=\"elementor-element elementor-element-734b77a elementor-widget__width-initial elementor-widget elementor-widget-heading\" data-id=\"734b77a\" data-element_type=\"widget\" data-widget_type=\"heading.default\">\n\t\t\t\t\t<h2 class=\"elementor-heading-title elementor-size-default\">What drives us \u2013 and helps you move forward<\/h2>\t\t\t\t<\/div>\n\t\t\t\t<div class=\"elementor-element elementor-element-8fc6957 elementor-widget__width-initial elementor-widget elementor-widget-text-editor\" data-id=\"8fc6957\" data-element_type=\"widget\" data-widget_type=\"text-editor.default\">\n\t\t\t\t\t\t\t\t\t<p data-start=\"411\" data-end=\"803\">At HPS CAMPUS, we believe in the potential of every individual. Presenting is not an innate ability\u2014it is a skill that can be learned. With our training, we not only promote presentation and rhetoric skills, but also self-confidence, clarity, and the ability to inspire others. We create learning spaces where students can grow\u2014both personally and professionally.<\/p><p data-start=\"805\" data-end=\"1037\">Our programs are developed in close cooperation with universities and are continuously refined. This ensures that our content remains relevant\u2014for today's requirements and tomorrow's opportunities.<\/p>\t\t\t\t\t\t\t\t<\/div>\n\t\t\t\t<\/div>\n\t\t<div class=\"elementor-element elementor-element-124fc5c e-con-full e-flex e-con e-child\" data-id=\"124fc5c\" data-element_type=\"container\">\n\t\t<div class=\"elementor-element elementor-element-db6c6bb e-con-full e-flex e-con e-child\" data-id=\"db6c6bb\" data-element_type=\"container\">\n\t\t\t\t<div class=\"elementor-element elementor-element-01e4539 elementor-widget elementor-widget-heading\" data-id=\"01e4539\" data-element_type=\"widget\" data-widget_type=\"heading.default\">\n\t\t\t\t\t<h2 class=\"elementor-heading-title elementor-size-default\">Vision<\/h2>\t\t\t\t<\/div>\n\t\t\t\t<div class=\"elementor-element elementor-element-72db995 elementor-widget__width-initial elementor-widget elementor-widget-text-editor\" data-id=\"72db995\" data-element_type=\"widget\" data-widget_type=\"text-editor.default\">\n\t\t\t\t\t\t\t\t\t<p>Communication as a key skill for the next generation.<\/p>\t\t\t\t\t\t\t\t<\/div>\n\t\t\t\t<\/div>\n\t\t<div class=\"elementor-element elementor-element-b5ca858 e-con-full e-flex e-con e-child\" data-id=\"b5ca858\" data-element_type=\"container\">\n\t\t\t\t<div class=\"elementor-element elementor-element-4e3e4b1 elementor-widget elementor-widget-heading\" data-id=\"4e3e4b1\" data-element_type=\"widget\" data-widget_type=\"heading.default\">\n\t\t\t\t\t<h2 class=\"elementor-heading-title elementor-size-default\">Mission<\/h2>\t\t\t\t<\/div>\n\t\t\t\t<div class=\"elementor-element elementor-element-6f1c252 elementor-widget__width-initial elementor-widget elementor-widget-text-editor\" data-id=\"6f1c252\" data-element_type=\"widget\" data-widget_type=\"text-editor.default\">\n\t\t\t\t\t\t\t\t\t<p>Teach presentation skills in a practical and effective way.<\/p>\t\t\t\t\t\t\t\t<\/div>\n\t\t\t\t<\/div>\n\t\t\t\t<\/div>\n\t\t\t\t<\/div>\n\t\t\t\t\t<\/div>\n\t\t\t\t<\/div>\n\t\t\t\t<\/div>","protected":false},"excerpt":{"rendered":"<p>Werde heute mit uns fit f\u00fcr morgen. Kontakt aufnehmen HPS CAMPUS \u2013 Pr\u00e4sentieren lernen, Zukunft gestalten Am HPS CAMPUS unterst\u00fctzen wir Studierende dabei, ihre Kommunikations- und Pr\u00e4sentationskompetenzen gezielt auszubauen. In einer Welt, in der Fachwissen allein nicht mehr ausreicht, wird die F\u00e4higkeit, \u00fcberzeugend aufzutreten und Inhalte verst\u00e4ndlich zu vermitteln, zum Erfolgsfaktor. Genau hier setzen wir [&hellip;]<\/p>","protected":false},"author":2,"featured_media":0,"parent":0,"menu_order":0,"comment_status":"closed","ping_status":"closed","template":"elementor_header_footer","meta":{"footnotes":""},"class_list":["post-84","page","type-page","status-publish","hentry"],"yoast_head":"<!-- This site is optimized with the Yoast SEO plugin v26.2 - https:\/\/yoast.com\/wordpress\/plugins\/seo\/ -->\n<title>\u00dcber uns - HPS CAMPUS<\/title>\n<meta name=\"description\" content=\"Am HPS Campus f\u00f6rdern wir Studierende darin, klar zu kommunizieren, sicher aufzutreten und ihre Pr\u00e4sentationskompetenz praxisnah zu st\u00e4rken.\" \/>\n<meta name=\"robots\" content=\"index, follow, max-snippet:-1, max-image-preview:large, max-video-preview:-1\" \/>\n<link rel=\"canonical\" href=\"https:\/\/hps-campus.de\/en\/ueber-uns-hps-campus-praesentieren-lernen-zukunft-gestalten\/\" \/>\n<meta property=\"og:locale\" content=\"en_US\" \/>\n<meta property=\"og:type\" content=\"article\" \/>\n<meta property=\"og:title\" content=\"\u00dcber uns - HPS CAMPUS\" \/>\n<meta property=\"og:description\" content=\"Am HPS Campus f\u00f6rdern wir Studierende darin, klar zu kommunizieren, sicher aufzutreten und ihre Pr\u00e4sentationskompetenz praxisnah zu st\u00e4rken.\" \/>\n<meta property=\"og:url\" content=\"https:\/\/hps-campus.de\/en\/ueber-uns-hps-campus-praesentieren-lernen-zukunft-gestalten\/\" \/>\n<meta property=\"og:site_name\" content=\"HPS CAMPUS\" \/>\n<meta property=\"article:modified_time\" content=\"2026-03-22T21:15:10+00:00\" \/>\n<meta property=\"og:image\" content=\"http:\/\/hps-campus.de\/wp-content\/uploads\/2025\/10\/Gemini_Generated_Image_693q8w693q8w693q.png\" \/>\n<meta name=\"twitter:card\" content=\"summary_large_image\" \/>\n<meta name=\"twitter:label1\" content=\"Est. reading time\" \/>\n\t<meta name=\"twitter:data1\" content=\"2 minutes\" \/>\n<script type=\"application\/ld+json\" class=\"yoast-schema-graph\">{\"@context\":\"https:\/\/schema.org\",\"@graph\":[{\"@type\":\"WebPage\",\"@id\":\"https:\/\/hps-campus.de\/ueber-uns-hps-campus-praesentieren-lernen-zukunft-gestalten\/\",\"url\":\"https:\/\/hps-campus.de\/ueber-uns-hps-campus-praesentieren-lernen-zukunft-gestalten\/\",\"name\":\"\u00dcber uns - HPS CAMPUS\",\"isPartOf\":{\"@id\":\"https:\/\/hps-campus.de\/#website\"},\"primaryImageOfPage\":{\"@id\":\"https:\/\/hps-campus.de\/ueber-uns-hps-campus-praesentieren-lernen-zukunft-gestalten\/#primaryimage\"},\"image\":{\"@id\":\"https:\/\/hps-campus.de\/ueber-uns-hps-campus-praesentieren-lernen-zukunft-gestalten\/#primaryimage\"},\"thumbnailUrl\":\"http:\/\/hps-campus.de\/wp-content\/uploads\/2025\/10\/Gemini_Generated_Image_693q8w693q8w693q.png\",\"datePublished\":\"2025-10-22T10:25:57+00:00\",\"dateModified\":\"2026-03-22T21:15:10+00:00\",\"description\":\"Am HPS Campus f\u00f6rdern wir Studierende darin, klar zu kommunizieren, sicher aufzutreten und ihre Pr\u00e4sentationskompetenz praxisnah zu st\u00e4rken.\",\"breadcrumb\":{\"@id\":\"https:\/\/hps-campus.de\/ueber-uns-hps-campus-praesentieren-lernen-zukunft-gestalten\/#breadcrumb\"},\"inLanguage\":\"en-US\",\"potentialAction\":[{\"@type\":\"ReadAction\",\"target\":[\"https:\/\/hps-campus.de\/ueber-uns-hps-campus-praesentieren-lernen-zukunft-gestalten\/\"]}]},{\"@type\":\"ImageObject\",\"inLanguage\":\"en-US\",\"@id\":\"https:\/\/hps-campus.de\/ueber-uns-hps-campus-praesentieren-lernen-zukunft-gestalten\/#primaryimage\",\"url\":\"http:\/\/hps-campus.de\/wp-content\/uploads\/2025\/10\/Gemini_Generated_Image_693q8w693q8w693q.png\",\"contentUrl\":\"http:\/\/hps-campus.de\/wp-content\/uploads\/2025\/10\/Gemini_Generated_Image_693q8w693q8w693q.png\"},{\"@type\":\"BreadcrumbList\",\"@id\":\"https:\/\/hps-campus.de\/ueber-uns-hps-campus-praesentieren-lernen-zukunft-gestalten\/#breadcrumb\",\"itemListElement\":[{\"@type\":\"ListItem\",\"position\":1,\"name\":\"Startseite\",\"item\":\"https:\/\/hps-campus.de\/\"},{\"@type\":\"ListItem\",\"position\":2,\"name\":\"\u00dcber uns\"}]},{\"@type\":\"WebSite\",\"@id\":\"https:\/\/hps-campus.de\/#website\",\"url\":\"https:\/\/hps-campus.de\/\",\"name\":\"HPS CAMPUS\",\"description\":\"Heute lernen, was Du morgen brauchst.\",\"publisher\":{\"@id\":\"https:\/\/hps-campus.de\/#organization\"},\"potentialAction\":[{\"@type\":\"SearchAction\",\"target\":{\"@type\":\"EntryPoint\",\"urlTemplate\":\"https:\/\/hps-campus.de\/?s={search_term_string}\"},\"query-input\":{\"@type\":\"PropertyValueSpecification\",\"valueRequired\":true,\"valueName\":\"search_term_string\"}}],\"inLanguage\":\"en-US\"},{\"@type\":\"Organization\",\"@id\":\"https:\/\/hps-campus.de\/#organization\",\"name\":\"HPS CAMPUS\",\"url\":\"https:\/\/hps-campus.de\/\",\"logo\":{\"@type\":\"ImageObject\",\"inLanguage\":\"en-US\",\"@id\":\"https:\/\/hps-campus.de\/#\/schema\/logo\/image\/\",\"url\":\"https:\/\/hps-campus.de\/wp-content\/uploads\/2025\/10\/Bildschirmfoto_17-5-2025_04752_-1.jpg\",\"contentUrl\":\"https:\/\/hps-campus.de\/wp-content\/uploads\/2025\/10\/Bildschirmfoto_17-5-2025_04752_-1.jpg\",\"width\":228,\"height\":122,\"caption\":\"HPS CAMPUS\"},\"image\":{\"@id\":\"https:\/\/hps-campus.de\/#\/schema\/logo\/image\/\"}}]}<\/script>\n<!-- \/ Yoast SEO plugin. -->","yoast_head_json":{"title":"\u00dcber uns - HPS CAMPUS","description":"Am HPS Campus f\u00f6rdern wir Studierende darin, klar zu kommunizieren, sicher aufzutreten und ihre Pr\u00e4sentationskompetenz praxisnah zu st\u00e4rken.","robots":{"index":"index","follow":"follow","max-snippet":"max-snippet:-1","max-image-preview":"max-image-preview:large","max-video-preview":"max-video-preview:-1"},"canonical":"https:\/\/hps-campus.de\/en\/ueber-uns-hps-campus-praesentieren-lernen-zukunft-gestalten\/","og_locale":"en_US","og_type":"article","og_title":"\u00dcber uns - HPS CAMPUS","og_description":"Am HPS Campus f\u00f6rdern wir Studierende darin, klar zu kommunizieren, sicher aufzutreten und ihre Pr\u00e4sentationskompetenz praxisnah zu st\u00e4rken.","og_url":"https:\/\/hps-campus.de\/en\/ueber-uns-hps-campus-praesentieren-lernen-zukunft-gestalten\/","og_site_name":"HPS CAMPUS","article_modified_time":"2026-03-22T21:15:10+00:00","og_image":[{"url":"http:\/\/hps-campus.de\/wp-content\/uploads\/2025\/10\/Gemini_Generated_Image_693q8w693q8w693q.png","type":"","width":"","height":""}],"twitter_card":"summary_large_image","twitter_misc":{"Est. reading time":"2 minutes"},"schema":{"@context":"https:\/\/schema.org","@graph":[{"@type":"WebPage","@id":"https:\/\/hps-campus.de\/ueber-uns-hps-campus-praesentieren-lernen-zukunft-gestalten\/","url":"https:\/\/hps-campus.de\/ueber-uns-hps-campus-praesentieren-lernen-zukunft-gestalten\/","name":"\u00dcber uns - HPS CAMPUS","isPartOf":{"@id":"https:\/\/hps-campus.de\/#website"},"primaryImageOfPage":{"@id":"https:\/\/hps-campus.de\/ueber-uns-hps-campus-praesentieren-lernen-zukunft-gestalten\/#primaryimage"},"image":{"@id":"https:\/\/hps-campus.de\/ueber-uns-hps-campus-praesentieren-lernen-zukunft-gestalten\/#primaryimage"},"thumbnailUrl":"http:\/\/hps-campus.de\/wp-content\/uploads\/2025\/10\/Gemini_Generated_Image_693q8w693q8w693q.png","datePublished":"2025-10-22T10:25:57+00:00","dateModified":"2026-03-22T21:15:10+00:00","description":"Am HPS Campus f\u00f6rdern wir Studierende darin, klar zu kommunizieren, sicher aufzutreten und ihre Pr\u00e4sentationskompetenz praxisnah zu st\u00e4rken.","breadcrumb":{"@id":"https:\/\/hps-campus.de\/ueber-uns-hps-campus-praesentieren-lernen-zukunft-gestalten\/#breadcrumb"},"inLanguage":"en-US","potentialAction":[{"@type":"ReadAction","target":["https:\/\/hps-campus.de\/ueber-uns-hps-campus-praesentieren-lernen-zukunft-gestalten\/"]}]},{"@type":"ImageObject","inLanguage":"en-US","@id":"https:\/\/hps-campus.de\/ueber-uns-hps-campus-praesentieren-lernen-zukunft-gestalten\/#primaryimage","url":"http:\/\/hps-campus.de\/wp-content\/uploads\/2025\/10\/Gemini_Generated_Image_693q8w693q8w693q.png","contentUrl":"http:\/\/hps-campus.de\/wp-content\/uploads\/2025\/10\/Gemini_Generated_Image_693q8w693q8w693q.png"},{"@type":"BreadcrumbList","@id":"https:\/\/hps-campus.de\/ueber-uns-hps-campus-praesentieren-lernen-zukunft-gestalten\/#breadcrumb","itemListElement":[{"@type":"ListItem","position":1,"name":"Startseite","item":"https:\/\/hps-campus.de\/"},{"@type":"ListItem","position":2,"name":"\u00dcber uns"}]},{"@type":"WebSite","@id":"https:\/\/hps-campus.de\/#website","url":"https:\/\/hps-campus.de\/","name":"HPS CAMPUS","description":"Heute lernen, was Du morgen brauchst.","publisher":{"@id":"https:\/\/hps-campus.de\/#organization"},"potentialAction":[{"@type":"SearchAction","target":{"@type":"EntryPoint","urlTemplate":"https:\/\/hps-campus.de\/?s={search_term_string}"},"query-input":{"@type":"PropertyValueSpecification","valueRequired":true,"valueName":"search_term_string"}}],"inLanguage":"en-US"},{"@type":"Organization","@id":"https:\/\/hps-campus.de\/#organization","name":"HPS CAMPUS","url":"https:\/\/hps-campus.de\/","logo":{"@type":"ImageObject","inLanguage":"en-US","@id":"https:\/\/hps-campus.de\/#\/schema\/logo\/image\/","url":"https:\/\/hps-campus.de\/wp-content\/uploads\/2025\/10\/Bildschirmfoto_17-5-2025_04752_-1.jpg","contentUrl":"https:\/\/hps-campus.de\/wp-content\/uploads\/2025\/10\/Bildschirmfoto_17-5-2025_04752_-1.jpg","width":228,"height":122,"caption":"HPS CAMPUS"},"image":{"@id":"https:\/\/hps-campus.de\/#\/schema\/logo\/image\/"}}]}},"_links":{"self":[{"href":"https:\/\/hps-campus.de\/en\/wp-json\/wp\/v2\/pages\/84","targetHints":{"allow":["GET"]}}],"collection":[{"href":"https:\/\/hps-campus.de\/en\/wp-json\/wp\/v2\/pages"}],"about":[{"href":"https:\/\/hps-campus.de\/en\/wp-json\/wp\/v2\/types\/page"}],"author":[{"embeddable":true,"href":"https:\/\/hps-campus.de\/en\/wp-json\/wp\/v2\/users\/2"}],"replies":[{"embeddable":true,"href":"https:\/\/hps-campus.de\/en\/wp-json\/wp\/v2\/comments?post=84"}],"version-history":[{"count":121,"href":"https:\/\/hps-campus.de\/en\/wp-json\/wp\/v2\/pages\/84\/revisions"}],"predecessor-version":[{"id":1247,"href":"https:\/\/hps-campus.de\/en\/wp-json\/wp\/v2\/pages\/84\/revisions\/1247"}],"wp:attachment":[{"href":"https:\/\/hps-campus.de\/en\/wp-json\/wp\/v2\/media?parent=84"}],"curies":[{"name":"wp","href":"https:\/\/api.w.org\/{rel}","templated":true}]}}