{"id":448,"date":"2025-10-29T21:19:31","date_gmt":"2025-10-29T21:19:31","guid":{"rendered":"http:\/\/hps-campus.de\/?page_id=448"},"modified":"2025-12-04T13:01:27","modified_gmt":"2025-12-04T13:01:27","slug":"termine","status":"publish","type":"page","link":"https:\/\/hps-campus.de\/en\/termine\/","title":{"rendered":"Termine"},"content":{"rendered":"<div data-elementor-type=\"wp-page\" data-elementor-id=\"448\" class=\"elementor elementor-448\" data-elementor-post-type=\"page\">\n\t\t\t\t<div class=\"elementor-element elementor-element-4099e78 e-flex e-con-boxed e-con e-parent\" data-id=\"4099e78\" data-element_type=\"container\" data-settings=\"{&quot;background_background&quot;:&quot;classic&quot;}\">\n\t\t\t\t\t<div class=\"e-con-inner\">\n\t\t<div class=\"elementor-element elementor-element-70ce741 e-con-full e-flex e-con e-child\" data-id=\"70ce741\" data-element_type=\"container\">\n\t\t\t\t<div class=\"elementor-element elementor-element-1924a85 elementor-widget__width-initial elementor-widget elementor-widget-text-editor\" data-id=\"1924a85\" data-element_type=\"widget\" data-widget_type=\"text-editor.default\">\n\t\t\t\t\t\t\t\t\t<p>\u00d6ffentliche Workshop Termine &amp; Events<\/p>\t\t\t\t\t\t\t\t<\/div>\n\t\t\t\t<div class=\"elementor-element elementor-element-80c88bd elementor-widget__width-initial elementor-widget elementor-widget-heading\" data-id=\"80c88bd\" data-element_type=\"widget\" data-widget_type=\"heading.default\">\n\t\t\t\t\t<h2 class=\"elementor-heading-title elementor-size-default\">Entfalte deine St\u00e4rken - unabh\u00e4ngig von Hochschule oder Betrieb.<\/h2>\t\t\t\t<\/div>\n\t\t\t\t<div class=\"elementor-element elementor-element-11bd2b1 elementor-align-left elementor-mobile-align-left elementor-widget elementor-widget-button\" data-id=\"11bd2b1\" data-element_type=\"widget\" data-widget_type=\"button.default\">\n\t\t\t\t\t\t\t\t\t\t<a class=\"elementor-button elementor-button-link elementor-size-sm\" href=\"https:\/\/hps-campus.de\/en\/termine\/#terminkalender\">\n\t\t\t\t\t\t<span class=\"elementor-button-content-wrapper\">\n\t\t\t\t\t\t\t\t\t<span class=\"elementor-button-text\">Termine f\u00fcr Dich<\/span>\n\t\t\t\t\t<\/span>\n\t\t\t\t\t<\/a>\n\t\t\t\t\t\t\t\t<\/div>\n\t\t\t\t<\/div>\n\t\t\t\t\t<\/div>\n\t\t\t\t<\/div>\n\t\t<div class=\"elementor-element elementor-element-1937b00 e-flex e-con-boxed e-con e-parent\" data-id=\"1937b00\" data-element_type=\"container\" data-settings=\"{&quot;background_background&quot;:&quot;classic&quot;}\">\n\t\t\t\t\t<div class=\"e-con-inner\">\n\t\t<div class=\"elementor-element elementor-element-77e90a7 e-con-full e-flex e-con e-child\" data-id=\"77e90a7\" data-element_type=\"container\">\n\t\t\t\t<div class=\"elementor-element elementor-element-91813df elementor-widget__width-initial elementor-widget elementor-widget-heading\" data-id=\"91813df\" data-element_type=\"widget\" data-widget_type=\"heading.default\">\n\t\t\t\t\t<h2 class=\"elementor-heading-title elementor-size-default\">Offen f\u00fcr alle Talente.\n<\/h2>\t\t\t\t<\/div>\n\t\t\t\t<div class=\"elementor-element elementor-element-5e41937 elementor-widget__width-initial elementor-widget elementor-widget-text-editor\" data-id=\"5e41937\" data-element_type=\"widget\" data-widget_type=\"text-editor.default\">\n\t\t\t\t\t\t\t\t\t<p>Die \u00f6ffentlichen Termine des HPS-Campus stehen allen Studierenden und Auszubildenden offen. Wir wollen Eigeninitiative f\u00f6rdern und jedem die Chance geben, durch bessere Kommunikation und \u00fcberzeugende Pr\u00e4sentationen zu bestehen \u2013 unabh\u00e4ngig von Hochschule oder Betrieb.<\/p>\t\t\t\t\t\t\t\t<\/div>\n\t\t\t\t<\/div>\n\t\t\t\t\t<\/div>\n\t\t\t\t<\/div>\n\t\t<div class=\"elementor-element elementor-element-211f3ba e-flex e-con-boxed e-con e-parent\" data-id=\"211f3ba\" data-element_type=\"container\" data-settings=\"{&quot;background_background&quot;:&quot;classic&quot;}\">\n\t\t\t\t\t<div class=\"e-con-inner\">\n\t\t<div class=\"elementor-element elementor-element-7804133 e-con-full e-flex e-con e-child\" data-id=\"7804133\" data-element_type=\"container\">\n\t\t\t\t<div class=\"elementor-element elementor-element-48a6cc2 elementor-widget__width-initial elementor-widget elementor-widget-heading\" data-id=\"48a6cc2\" data-element_type=\"widget\" data-widget_type=\"heading.default\">\n\t\t\t\t\t<h2 class=\"elementor-heading-title elementor-size-default\">Find the right event for you \u2013 all dates at a glance\n\n<\/h2>\t\t\t\t<\/div>\n\t\t\t\t<div class=\"elementor-element elementor-element-8e098b7 elementor-widget__width-initial elementor-widget elementor-widget-text-editor\" data-id=\"8e098b7\" data-element_type=\"widget\" data-widget_type=\"text-editor.default\">\n\t\t\t\t\t\t\t\t\t<p>Unlock your potential: Secure your place now at our upcoming workshops and training sessions.<\/p>\t\t\t\t\t\t\t\t<\/div>\n\t\t\t\t<\/div>\n\t\t\t\t\t<\/div>\n\t\t\t\t<\/div>\n\t\t<div class=\"elementor-element elementor-element-63fe809 e-flex e-con-boxed e-con e-parent\" data-id=\"63fe809\" data-element_type=\"container\" id=\"Termine\">\n\t\t\t\t\t<div class=\"e-con-inner\">\n\t\t<div class=\"elementor-element elementor-element-193dd1f e-con-full e-flex e-con e-child\" data-id=\"193dd1f\" data-element_type=\"container\" id=\"terminkalender\">\n\t\t\t\t<div class=\"elementor-element elementor-element-5fa5df5 elementor-widget elementor-widget-shortcode\" data-id=\"5fa5df5\" data-element_type=\"widget\" data-widget_type=\"shortcode.default\">\n\t\t\t\t\t\t\t<div class=\"elementor-shortcode\">        <div class=\"wrap frontend_kalender\" data-show_time=\"hide\">\n            <div id=\"kategoriezeile\"><\/div>\n            <div id=\"ter_kal_simple_calendar\"><\/div>\n            <div id=\"event-dialog\" title=\"Appointment Details\" style=\"display:none;\">\n                    <div type=\"text\" id=\"event-title\" name=\"event-title\" class=\"regular-text\"><\/div><hr>\n                    <div id=\"event-time\" class=\"event-time\"><\/div>\n                    <hr>\n                    <div id=\"event-details-html\" class=\"regular-text\"><\/div>\n                    <hr>\n                    <div id=\"event-location_link\"><\/div>\n            <\/div>\n        <\/div>\n    <\/div>\n\t\t\t\t\t\t<\/div>\n\t\t\t\t<\/div>\n\t\t\t\t\t<\/div>\n\t\t\t\t<\/div>\n\t\t\t\t<section class=\"elementor-section elementor-top-section elementor-element elementor-element-820897d elementor-section-boxed elementor-section-height-default elementor-section-height-default\" data-id=\"820897d\" data-element_type=\"section\">\n\t\t\t\t\t\t<div class=\"elementor-container elementor-column-gap-default\">\n\t\t\t\t\t<div class=\"elementor-column elementor-col-100 elementor-top-column elementor-element elementor-element-d6142c3\" data-id=\"d6142c3\" data-element_type=\"column\">\n\t\t\t<div class=\"elementor-widget-wrap elementor-element-populated\">\n\t\t\t\t\t\t<section class=\"elementor-section elementor-inner-section elementor-element elementor-element-db12491 elementor-section-content-middle elementor-section-boxed elementor-section-height-default elementor-section-height-default elementor-invisible\" data-id=\"db12491\" data-element_type=\"section\" data-settings=\"{&quot;background_background&quot;:&quot;classic&quot;,&quot;animation&quot;:&quot;fadeInUp&quot;,&quot;animation_delay&quot;:200}\">\n\t\t\t\t\t\t<div class=\"elementor-container elementor-column-gap-default\">\n\t\t\t\t\t<div class=\"elementor-column elementor-col-33 elementor-inner-column elementor-element elementor-element-af67c34\" data-id=\"af67c34\" data-element_type=\"column\">\n\t\t\t<div class=\"elementor-widget-wrap elementor-element-populated\">\n\t\t\t\t\t\t<div class=\"elementor-element elementor-element-142fe2c elementor-widget__width-initial elementor-widget elementor-widget-heading\" data-id=\"142fe2c\" data-element_type=\"widget\" data-widget_type=\"heading.default\">\n\t\t\t\t\t<h3 class=\"elementor-heading-title elementor-size-default\">A win for your university.<\/h3>\t\t\t\t<\/div>\n\t\t\t\t\t<\/div>\n\t\t<\/div>\n\t\t\t\t<div class=\"elementor-column elementor-col-33 elementor-inner-column elementor-element elementor-element-03247b7\" data-id=\"03247b7\" data-element_type=\"column\">\n\t\t\t<div class=\"elementor-widget-wrap elementor-element-populated\">\n\t\t\t\t\t\t<div class=\"elementor-element elementor-element-f85d45d elementor-widget elementor-widget-text-editor\" data-id=\"f85d45d\" data-element_type=\"widget\" data-widget_type=\"text-editor.default\">\n\t\t\t\t\t\t\t\t\t<p class=\"my-2 [&amp;+p]:mt-4 [&amp;_strong:has(+br)]:inline-block [&amp;_strong:has(+br)]:pb-2\">Our university partners report that students gain motivation, initiative, and self-confidence\u2014not just methods, but real benefits for their studies, exams, and careers.<\/p>\t\t\t\t\t\t\t\t<\/div>\n\t\t\t\t\t<\/div>\n\t\t<\/div>\n\t\t\t\t<div class=\"elementor-column elementor-col-33 elementor-inner-column elementor-element elementor-element-f7b3701\" data-id=\"f7b3701\" data-element_type=\"column\">\n\t\t\t<div class=\"elementor-widget-wrap elementor-element-populated\">\n\t\t\t\t\t\t<div class=\"elementor-element elementor-element-de583ba elementor-align-right elementor-tablet-align-center elementor-widget elementor-widget-button\" data-id=\"de583ba\" data-element_type=\"widget\" data-widget_type=\"button.default\">\n\t\t\t\t\t\t\t\t\t\t<a class=\"elementor-button elementor-button-link elementor-size-sm\" href=\"https:\/\/hps-campus.de\/en\/kontakt-hps-campus-beratung-zu-praesentationstraining-fuer-studierende\/\">\n\t\t\t\t\t\t<span class=\"elementor-button-content-wrapper\">\n\t\t\t\t\t\t\t\t\t<span class=\"elementor-button-text\">Schedule a consultation<\/span>\n\t\t\t\t\t<\/span>\n\t\t\t\t\t<\/a>\n\t\t\t\t\t\t\t\t<\/div>\n\t\t\t\t\t<\/div>\n\t\t<\/div>\n\t\t\t\t\t<\/div>\n\t\t<\/section>\n\t\t\t\t\t<\/div>\n\t\t<\/div>\n\t\t\t\t\t<\/div>\n\t\t<\/section>\n\t\t\t\t<\/div>","protected":false},"excerpt":{"rendered":"<p>\u00d6ffentliche Workshop Termine &amp; Events Entfalte deine St\u00e4rken &#8211; unabh\u00e4ngig von Hochschule oder Betrieb. Termine f\u00fcr Dich Offen f\u00fcr alle Talente. Die \u00f6ffentlichen Termine des HPS-Campus stehen allen Studierenden und Auszubildenden offen. Wir wollen Eigeninitiative f\u00f6rdern und jedem die Chance geben, durch bessere Kommunikation und \u00fcberzeugende Pr\u00e4sentationen zu bestehen \u2013 unabh\u00e4ngig von Hochschule oder Betrieb. [&hellip;]<\/p>","protected":false},"author":2,"featured_media":0,"parent":0,"menu_order":0,"comment_status":"closed","ping_status":"closed","template":"elementor_header_footer","meta":{"footnotes":""},"class_list":["post-448","page","type-page","status-publish","hentry"],"yoast_head":"<!-- This site is optimized with the Yoast SEO plugin v26.2 - https:\/\/yoast.com\/wordpress\/plugins\/seo\/ -->\n<title>Termine - HPS CAMPUS<\/title>\n<meta name=\"robots\" content=\"index, follow, max-snippet:-1, max-image-preview:large, max-video-preview:-1\" \/>\n<link rel=\"canonical\" href=\"https:\/\/hps-campus.de\/en\/termine\/\" \/>\n<meta property=\"og:locale\" content=\"en_US\" \/>\n<meta property=\"og:type\" content=\"article\" \/>\n<meta property=\"og:title\" content=\"Termine - HPS CAMPUS\" \/>\n<meta property=\"og:description\" content=\"\u00d6ffentliche Workshop Termine &amp; Events Entfalte deine St\u00e4rken &#8211; unabh\u00e4ngig von Hochschule oder Betrieb. Termine f\u00fcr Dich Offen f\u00fcr alle Talente. Die \u00f6ffentlichen Termine des HPS-Campus stehen allen Studierenden und Auszubildenden offen. Wir wollen Eigeninitiative f\u00f6rdern und jedem die Chance geben, durch bessere Kommunikation und \u00fcberzeugende Pr\u00e4sentationen zu bestehen \u2013 unabh\u00e4ngig von Hochschule oder Betrieb. [&hellip;]\" \/>\n<meta property=\"og:url\" content=\"https:\/\/hps-campus.de\/en\/termine\/\" \/>\n<meta property=\"og:site_name\" content=\"HPS CAMPUS\" \/>\n<meta property=\"article:modified_time\" content=\"2025-12-04T13:01:27+00:00\" \/>\n<meta name=\"twitter:card\" content=\"summary_large_image\" \/>\n<meta name=\"twitter:label1\" content=\"Est. reading time\" \/>\n\t<meta name=\"twitter:data1\" content=\"2 minutes\" \/>\n<script type=\"application\/ld+json\" class=\"yoast-schema-graph\">{\"@context\":\"https:\/\/schema.org\",\"@graph\":[{\"@type\":\"WebPage\",\"@id\":\"https:\/\/hps-campus.de\/en\/termine\/\",\"url\":\"https:\/\/hps-campus.de\/en\/termine\/\",\"name\":\"Termine - HPS CAMPUS\",\"isPartOf\":{\"@id\":\"https:\/\/hps-campus.de\/#website\"},\"datePublished\":\"2025-10-29T21:19:31+00:00\",\"dateModified\":\"2025-12-04T13:01:27+00:00\",\"breadcrumb\":{\"@id\":\"https:\/\/hps-campus.de\/en\/termine\/#breadcrumb\"},\"inLanguage\":\"en-US\",\"potentialAction\":[{\"@type\":\"ReadAction\",\"target\":[\"https:\/\/hps-campus.de\/en\/termine\/\"]}]},{\"@type\":\"BreadcrumbList\",\"@id\":\"https:\/\/hps-campus.de\/en\/termine\/#breadcrumb\",\"itemListElement\":[{\"@type\":\"ListItem\",\"position\":1,\"name\":\"Startseite\",\"item\":\"https:\/\/hps-campus.de\/\"},{\"@type\":\"ListItem\",\"position\":2,\"name\":\"Termine\"}]},{\"@type\":\"WebSite\",\"@id\":\"https:\/\/hps-campus.de\/#website\",\"url\":\"https:\/\/hps-campus.de\/\",\"name\":\"HPS CAMPUS\",\"description\":\"Heute lernen, was Du morgen brauchst.\",\"publisher\":{\"@id\":\"https:\/\/hps-campus.de\/#organization\"},\"potentialAction\":[{\"@type\":\"SearchAction\",\"target\":{\"@type\":\"EntryPoint\",\"urlTemplate\":\"https:\/\/hps-campus.de\/?s={search_term_string}\"},\"query-input\":{\"@type\":\"PropertyValueSpecification\",\"valueRequired\":true,\"valueName\":\"search_term_string\"}}],\"inLanguage\":\"en-US\"},{\"@type\":\"Organization\",\"@id\":\"https:\/\/hps-campus.de\/#organization\",\"name\":\"HPS CAMPUS\",\"url\":\"https:\/\/hps-campus.de\/\",\"logo\":{\"@type\":\"ImageObject\",\"inLanguage\":\"en-US\",\"@id\":\"https:\/\/hps-campus.de\/#\/schema\/logo\/image\/\",\"url\":\"https:\/\/hps-campus.de\/wp-content\/uploads\/2025\/10\/Bildschirmfoto_17-5-2025_04752_-1.jpg\",\"contentUrl\":\"https:\/\/hps-campus.de\/wp-content\/uploads\/2025\/10\/Bildschirmfoto_17-5-2025_04752_-1.jpg\",\"width\":228,\"height\":122,\"caption\":\"HPS CAMPUS\"},\"image\":{\"@id\":\"https:\/\/hps-campus.de\/#\/schema\/logo\/image\/\"}}]}<\/script>\n<!-- \/ Yoast SEO plugin. -->","yoast_head_json":{"title":"Termine - HPS CAMPUS","robots":{"index":"index","follow":"follow","max-snippet":"max-snippet:-1","max-image-preview":"max-image-preview:large","max-video-preview":"max-video-preview:-1"},"canonical":"https:\/\/hps-campus.de\/en\/termine\/","og_locale":"en_US","og_type":"article","og_title":"Termine - HPS CAMPUS","og_description":"\u00d6ffentliche Workshop Termine &amp; Events Entfalte deine St\u00e4rken &#8211; unabh\u00e4ngig von Hochschule oder Betrieb. Termine f\u00fcr Dich Offen f\u00fcr alle Talente. Die \u00f6ffentlichen Termine des HPS-Campus stehen allen Studierenden und Auszubildenden offen. Wir wollen Eigeninitiative f\u00f6rdern und jedem die Chance geben, durch bessere Kommunikation und \u00fcberzeugende Pr\u00e4sentationen zu bestehen \u2013 unabh\u00e4ngig von Hochschule oder Betrieb. [&hellip;]","og_url":"https:\/\/hps-campus.de\/en\/termine\/","og_site_name":"HPS CAMPUS","article_modified_time":"2025-12-04T13:01:27+00:00","twitter_card":"summary_large_image","twitter_misc":{"Est. reading time":"2 minutes"},"schema":{"@context":"https:\/\/schema.org","@graph":[{"@type":"WebPage","@id":"https:\/\/hps-campus.de\/en\/termine\/","url":"https:\/\/hps-campus.de\/en\/termine\/","name":"Termine - HPS CAMPUS","isPartOf":{"@id":"https:\/\/hps-campus.de\/#website"},"datePublished":"2025-10-29T21:19:31+00:00","dateModified":"2025-12-04T13:01:27+00:00","breadcrumb":{"@id":"https:\/\/hps-campus.de\/en\/termine\/#breadcrumb"},"inLanguage":"en-US","potentialAction":[{"@type":"ReadAction","target":["https:\/\/hps-campus.de\/en\/termine\/"]}]},{"@type":"BreadcrumbList","@id":"https:\/\/hps-campus.de\/en\/termine\/#breadcrumb","itemListElement":[{"@type":"ListItem","position":1,"name":"Startseite","item":"https:\/\/hps-campus.de\/"},{"@type":"ListItem","position":2,"name":"Termine"}]},{"@type":"WebSite","@id":"https:\/\/hps-campus.de\/#website","url":"https:\/\/hps-campus.de\/","name":"HPS CAMPUS","description":"Heute lernen, was Du morgen brauchst.","publisher":{"@id":"https:\/\/hps-campus.de\/#organization"},"potentialAction":[{"@type":"SearchAction","target":{"@type":"EntryPoint","urlTemplate":"https:\/\/hps-campus.de\/?s={search_term_string}"},"query-input":{"@type":"PropertyValueSpecification","valueRequired":true,"valueName":"search_term_string"}}],"inLanguage":"en-US"},{"@type":"Organization","@id":"https:\/\/hps-campus.de\/#organization","name":"HPS CAMPUS","url":"https:\/\/hps-campus.de\/","logo":{"@type":"ImageObject","inLanguage":"en-US","@id":"https:\/\/hps-campus.de\/#\/schema\/logo\/image\/","url":"https:\/\/hps-campus.de\/wp-content\/uploads\/2025\/10\/Bildschirmfoto_17-5-2025_04752_-1.jpg","contentUrl":"https:\/\/hps-campus.de\/wp-content\/uploads\/2025\/10\/Bildschirmfoto_17-5-2025_04752_-1.jpg","width":228,"height":122,"caption":"HPS CAMPUS"},"image":{"@id":"https:\/\/hps-campus.de\/#\/schema\/logo\/image\/"}}]}},"_links":{"self":[{"href":"https:\/\/hps-campus.de\/en\/wp-json\/wp\/v2\/pages\/448","targetHints":{"allow":["GET"]}}],"collection":[{"href":"https:\/\/hps-campus.de\/en\/wp-json\/wp\/v2\/pages"}],"about":[{"href":"https:\/\/hps-campus.de\/en\/wp-json\/wp\/v2\/types\/page"}],"author":[{"embeddable":true,"href":"https:\/\/hps-campus.de\/en\/wp-json\/wp\/v2\/users\/2"}],"replies":[{"embeddable":true,"href":"https:\/\/hps-campus.de\/en\/wp-json\/wp\/v2\/comments?post=448"}],"version-history":[{"count":154,"href":"https:\/\/hps-campus.de\/en\/wp-json\/wp\/v2\/pages\/448\/revisions"}],"predecessor-version":[{"id":1177,"href":"https:\/\/hps-campus.de\/en\/wp-json\/wp\/v2\/pages\/448\/revisions\/1177"}],"wp:attachment":[{"href":"https:\/\/hps-campus.de\/en\/wp-json\/wp\/v2\/media?parent=448"}],"curies":[{"name":"wp","href":"https:\/\/api.w.org\/{rel}","templated":true}]}}