{"id":525,"date":"2025-10-29T22:30:38","date_gmt":"2025-10-29T22:30:38","guid":{"rendered":"http:\/\/hps-campus.de\/?page_id=525"},"modified":"2025-10-29T22:31:18","modified_gmt":"2025-10-29T22:31:18","slug":"datenschutzerklaerung","status":"publish","type":"page","link":"http:\/\/hps-campus.de\/en\/datenschutzerklaerung\/","title":{"rendered":"Datenschutzerkl\u00e4rung"},"content":{"rendered":"<div data-elementor-type=\"wp-page\" data-elementor-id=\"525\" class=\"elementor elementor-525\" data-elementor-post-type=\"page\">\n\t\t\t\t<div class=\"elementor-element elementor-element-3ac0aa2d e-flex e-con-boxed e-con e-parent\" data-id=\"3ac0aa2d\" data-element_type=\"container\" data-settings=\"{&quot;background_background&quot;:&quot;classic&quot;}\">\n\t\t\t\t\t<div class=\"e-con-inner\">\n\t\t<div class=\"elementor-element elementor-element-69900fdf e-con-full e-flex e-con e-child\" data-id=\"69900fdf\" data-element_type=\"container\">\n\t\t\t\t<div class=\"elementor-element elementor-element-42d84f elementor-widget__width-initial elementor-widget elementor-widget-heading\" data-id=\"42d84f\" data-element_type=\"widget\" data-widget_type=\"heading.default\">\n\t\t\t\t\t<h2 class=\"elementor-heading-title elementor-size-default\">Datenschutzerkl\u00e4rung<\/h2>\t\t\t\t<\/div>\n\t\t\t\t<\/div>\n\t\t\t\t\t<\/div>\n\t\t\t\t<\/div>\n\t\t<div class=\"elementor-element elementor-element-1c93cf09 e-flex e-con-boxed e-con e-parent\" data-id=\"1c93cf09\" data-element_type=\"container\">\n\t\t\t\t\t<div class=\"e-con-inner\">\n\t\t\t\t<div class=\"elementor-element elementor-element-2c8ffa50 elementor-widget elementor-widget-text-editor\" data-id=\"2c8ffa50\" data-element_type=\"widget\" data-widget_type=\"text-editor.default\">\n\t\t\t\t\t\t\t\t\t<p class=\"my-2 [&amp;+p]:mt-4 [&amp;_strong:has(+br)]:inline-block [&amp;_strong:has(+br)]:pb-2\"><strong>Datenschutz auf einen Blick<\/strong><br \/>Der Schutz Ihrer pers\u00f6nlichen Daten ist uns ein wichtiges Anliegen. Nachfolgend informieren wir Sie \u00fcber die Verarbeitung personenbezogener Daten bei der Nutzung unserer Website.<\/p><p class=\"my-2 [&amp;+p]:mt-4 [&amp;_strong:has(+br)]:inline-block [&amp;_strong:has(+br)]:pb-2\"><strong>Verantwortliche Stelle f\u00fcr die Datenverarbeitung:<\/strong><br \/>HPS-Campus<br \/>Emil Bergfeld<br \/>Siegmund-Freud-Str. 68<br \/>60435 Frankfurt am Main<br \/>Telefon: +49 069 272 403 52<br \/>E-Mail:\u00a0<a class=\"reset interactable cursor-pointer decoration-1 underline-offset-1 text-super hover:underline font-semibold\" href=\"mailto:praesentieren@hps-campus.de\" target=\"_blank\" rel=\"nofollow noopener\"><span class=\"text-box-trim-both\">praesentieren@hps-campus.de<\/span><\/a><\/p><p class=\"my-2 [&amp;+p]:mt-4 [&amp;_strong:has(+br)]:inline-block [&amp;_strong:has(+br)]:pb-2\"><strong>Erhebung und Verarbeitung personenbezogener Daten:<\/strong><br \/>Personenbezogene Daten werden von uns verarbeitet, wenn Sie uns diese freiwillig mitteilen, zum Beispiel per E-Mail oder Kontaktformular. Bei jedem Aufruf der Website werden automatisch Informationen wie die IP-Adresse, verwendeter Browser, Betriebssystem und Uhrzeit gespeichert. Diese Daten dienen ausschlie\u00dflich der Sicherstellung des technischen Betriebs und der Verbesserung des Angebotes; sie werden nicht zur Identifizierung der Nutzer verwendet.<\/p><p class=\"my-2 [&amp;+p]:mt-4 [&amp;_strong:has(+br)]:inline-block [&amp;_strong:has(+br)]:pb-2\"><strong>Rechte der Nutzer:<\/strong><br \/>Sie haben das Recht auf Auskunft \u00fcber die bei uns gespeicherten personenbezogenen Daten, deren Berichtigung oder L\u00f6schung, Einschr\u00e4nkung der Verarbeitung sowie das Recht auf Widerspruch gegen die Verarbeitung und das Recht auf Daten\u00fcbertragbarkeit. Sie k\u00f6nnen eine erteilte Einwilligung jederzeit widerrufen.<\/p><p class=\"my-2 [&amp;+p]:mt-4 [&amp;_strong:has(+br)]:inline-block [&amp;_strong:has(+br)]:pb-2\"><strong>Datensicherheit:<\/strong><br \/>Wir verwenden technische und organisatorische Ma\u00dfnahmen, um Ihre Daten gegen Manipulation, Verlust, Zerst\u00f6rung und gegen den Zugriff unberechtigter Personen zu sch\u00fctzen.<\/p><p class=\"my-2 [&amp;+p]:mt-4 [&amp;_strong:has(+br)]:inline-block [&amp;_strong:has(+br)]:pb-2\"><strong>Kontakt:<\/strong><br \/>Bei Fragen zum Datenschutz k\u00f6nnen Sie sich jederzeit an den oben angegebenen Verantwortlichen wenden.<\/p><p class=\"my-2 [&amp;+p]:mt-4 [&amp;_strong:has(+br)]:inline-block [&amp;_strong:has(+br)]:pb-2\"><strong>Beschwerderecht:<\/strong><br \/>Sie haben das Recht, sich bei einer Datenschutz-Aufsichtsbeh\u00f6rde zu beschweren.<\/p>\t\t\t\t\t\t\t\t<\/div>\n\t\t\t\t\t<\/div>\n\t\t\t\t<\/div>\n\t\t\t\t<\/div>","protected":false},"excerpt":{"rendered":"<p>Datenschutzerkl\u00e4rung Datenschutz auf einen BlickDer Schutz Ihrer pers\u00f6nlichen Daten ist uns ein wichtiges Anliegen. Nachfolgend informieren wir Sie \u00fcber die Verarbeitung personenbezogener Daten bei der Nutzung unserer Website. Verantwortliche Stelle f\u00fcr die Datenverarbeitung:HPS-CampusEmil BergfeldSiegmund-Freud-Str. 6860435 Frankfurt am MainTelefon: +49 069 272 403 52E-Mail:\u00a0praesentieren@hps-campus.de Erhebung und Verarbeitung personenbezogener Daten:Personenbezogene Daten werden von uns verarbeitet, wenn Sie [&hellip;]<\/p>","protected":false},"author":2,"featured_media":0,"parent":0,"menu_order":0,"comment_status":"closed","ping_status":"closed","template":"elementor_header_footer","meta":{"footnotes":""},"class_list":["post-525","page","type-page","status-publish","hentry"],"yoast_head":"<!-- This site is optimized with the Yoast SEO plugin v26.2 - https:\/\/yoast.com\/wordpress\/plugins\/seo\/ -->\n<title>Datenschutzerkl\u00e4rung - HPS CAMPUS<\/title>\n<meta name=\"robots\" content=\"index, follow, max-snippet:-1, max-image-preview:large, max-video-preview:-1\" \/>\n<link rel=\"canonical\" href=\"http:\/\/hps-campus.de\/en\/datenschutzerklaerung\/\" \/>\n<meta property=\"og:locale\" content=\"en_US\" \/>\n<meta property=\"og:type\" content=\"article\" \/>\n<meta property=\"og:title\" content=\"Datenschutzerkl\u00e4rung - HPS CAMPUS\" \/>\n<meta property=\"og:description\" content=\"Datenschutzerkl\u00e4rung Datenschutz auf einen BlickDer Schutz Ihrer pers\u00f6nlichen Daten ist uns ein wichtiges Anliegen. Nachfolgend informieren wir Sie \u00fcber die Verarbeitung personenbezogener Daten bei der Nutzung unserer Website. Verantwortliche Stelle f\u00fcr die Datenverarbeitung:HPS-CampusEmil BergfeldSiegmund-Freud-Str. 6860435 Frankfurt am MainTelefon: +49 069 272 403 52E-Mail:\u00a0praesentieren@hps-campus.de Erhebung und Verarbeitung personenbezogener Daten:Personenbezogene Daten werden von uns verarbeitet, wenn Sie [&hellip;]\" \/>\n<meta property=\"og:url\" content=\"http:\/\/hps-campus.de\/en\/datenschutzerklaerung\/\" \/>\n<meta property=\"og:site_name\" content=\"HPS CAMPUS\" \/>\n<meta property=\"article:modified_time\" content=\"2025-10-29T22:31:18+00:00\" \/>\n<meta name=\"twitter:card\" content=\"summary_large_image\" \/>\n<meta name=\"twitter:label1\" content=\"Est. reading time\" \/>\n\t<meta name=\"twitter:data1\" content=\"2 minutes\" \/>\n<script type=\"application\/ld+json\" class=\"yoast-schema-graph\">{\"@context\":\"https:\/\/schema.org\",\"@graph\":[{\"@type\":\"WebPage\",\"@id\":\"http:\/\/hps-campus.de\/datenschutzerklaerung\/\",\"url\":\"http:\/\/hps-campus.de\/datenschutzerklaerung\/\",\"name\":\"Datenschutzerkl\u00e4rung - HPS CAMPUS\",\"isPartOf\":{\"@id\":\"https:\/\/hps-campus.de\/#website\"},\"datePublished\":\"2025-10-29T22:30:38+00:00\",\"dateModified\":\"2025-10-29T22:31:18+00:00\",\"breadcrumb\":{\"@id\":\"http:\/\/hps-campus.de\/datenschutzerklaerung\/#breadcrumb\"},\"inLanguage\":\"en-US\",\"potentialAction\":[{\"@type\":\"ReadAction\",\"target\":[\"http:\/\/hps-campus.de\/datenschutzerklaerung\/\"]}]},{\"@type\":\"BreadcrumbList\",\"@id\":\"http:\/\/hps-campus.de\/datenschutzerklaerung\/#breadcrumb\",\"itemListElement\":[{\"@type\":\"ListItem\",\"position\":1,\"name\":\"Startseite\",\"item\":\"https:\/\/hps-campus.de\/\"},{\"@type\":\"ListItem\",\"position\":2,\"name\":\"Datenschutzerkl\u00e4rung\"}]},{\"@type\":\"WebSite\",\"@id\":\"https:\/\/hps-campus.de\/#website\",\"url\":\"https:\/\/hps-campus.de\/\",\"name\":\"HPS CAMPUS\",\"description\":\"Heute lernen, was Du morgen brauchst.\",\"publisher\":{\"@id\":\"https:\/\/hps-campus.de\/#organization\"},\"potentialAction\":[{\"@type\":\"SearchAction\",\"target\":{\"@type\":\"EntryPoint\",\"urlTemplate\":\"https:\/\/hps-campus.de\/?s={search_term_string}\"},\"query-input\":{\"@type\":\"PropertyValueSpecification\",\"valueRequired\":true,\"valueName\":\"search_term_string\"}}],\"inLanguage\":\"en-US\"},{\"@type\":\"Organization\",\"@id\":\"https:\/\/hps-campus.de\/#organization\",\"name\":\"HPS CAMPUS\",\"url\":\"https:\/\/hps-campus.de\/\",\"logo\":{\"@type\":\"ImageObject\",\"inLanguage\":\"en-US\",\"@id\":\"https:\/\/hps-campus.de\/#\/schema\/logo\/image\/\",\"url\":\"http:\/\/hps-campus.de\/wp-content\/uploads\/2025\/10\/Bildschirmfoto_17-5-2025_04752_-1.jpg\",\"contentUrl\":\"http:\/\/hps-campus.de\/wp-content\/uploads\/2025\/10\/Bildschirmfoto_17-5-2025_04752_-1.jpg\",\"width\":228,\"height\":122,\"caption\":\"HPS CAMPUS\"},\"image\":{\"@id\":\"https:\/\/hps-campus.de\/#\/schema\/logo\/image\/\"}}]}<\/script>\n<!-- \/ Yoast SEO plugin. -->","yoast_head_json":{"title":"Datenschutzerkl\u00e4rung - HPS CAMPUS","robots":{"index":"index","follow":"follow","max-snippet":"max-snippet:-1","max-image-preview":"max-image-preview:large","max-video-preview":"max-video-preview:-1"},"canonical":"http:\/\/hps-campus.de\/en\/datenschutzerklaerung\/","og_locale":"en_US","og_type":"article","og_title":"Datenschutzerkl\u00e4rung - HPS CAMPUS","og_description":"Datenschutzerkl\u00e4rung Datenschutz auf einen BlickDer Schutz Ihrer pers\u00f6nlichen Daten ist uns ein wichtiges Anliegen. Nachfolgend informieren wir Sie \u00fcber die Verarbeitung personenbezogener Daten bei der Nutzung unserer Website. Verantwortliche Stelle f\u00fcr die Datenverarbeitung:HPS-CampusEmil BergfeldSiegmund-Freud-Str. 6860435 Frankfurt am MainTelefon: +49 069 272 403 52E-Mail:\u00a0praesentieren@hps-campus.de Erhebung und Verarbeitung personenbezogener Daten:Personenbezogene Daten werden von uns verarbeitet, wenn Sie [&hellip;]","og_url":"http:\/\/hps-campus.de\/en\/datenschutzerklaerung\/","og_site_name":"HPS CAMPUS","article_modified_time":"2025-10-29T22:31:18+00:00","twitter_card":"summary_large_image","twitter_misc":{"Est. reading time":"2 minutes"},"schema":{"@context":"https:\/\/schema.org","@graph":[{"@type":"WebPage","@id":"http:\/\/hps-campus.de\/datenschutzerklaerung\/","url":"http:\/\/hps-campus.de\/datenschutzerklaerung\/","name":"Datenschutzerkl\u00e4rung - HPS CAMPUS","isPartOf":{"@id":"https:\/\/hps-campus.de\/#website"},"datePublished":"2025-10-29T22:30:38+00:00","dateModified":"2025-10-29T22:31:18+00:00","breadcrumb":{"@id":"http:\/\/hps-campus.de\/datenschutzerklaerung\/#breadcrumb"},"inLanguage":"en-US","potentialAction":[{"@type":"ReadAction","target":["http:\/\/hps-campus.de\/datenschutzerklaerung\/"]}]},{"@type":"BreadcrumbList","@id":"http:\/\/hps-campus.de\/datenschutzerklaerung\/#breadcrumb","itemListElement":[{"@type":"ListItem","position":1,"name":"Startseite","item":"https:\/\/hps-campus.de\/"},{"@type":"ListItem","position":2,"name":"Datenschutzerkl\u00e4rung"}]},{"@type":"WebSite","@id":"https:\/\/hps-campus.de\/#website","url":"https:\/\/hps-campus.de\/","name":"HPS CAMPUS","description":"Heute lernen, was Du morgen brauchst.","publisher":{"@id":"https:\/\/hps-campus.de\/#organization"},"potentialAction":[{"@type":"SearchAction","target":{"@type":"EntryPoint","urlTemplate":"https:\/\/hps-campus.de\/?s={search_term_string}"},"query-input":{"@type":"PropertyValueSpecification","valueRequired":true,"valueName":"search_term_string"}}],"inLanguage":"en-US"},{"@type":"Organization","@id":"https:\/\/hps-campus.de\/#organization","name":"HPS CAMPUS","url":"https:\/\/hps-campus.de\/","logo":{"@type":"ImageObject","inLanguage":"en-US","@id":"https:\/\/hps-campus.de\/#\/schema\/logo\/image\/","url":"http:\/\/hps-campus.de\/wp-content\/uploads\/2025\/10\/Bildschirmfoto_17-5-2025_04752_-1.jpg","contentUrl":"http:\/\/hps-campus.de\/wp-content\/uploads\/2025\/10\/Bildschirmfoto_17-5-2025_04752_-1.jpg","width":228,"height":122,"caption":"HPS CAMPUS"},"image":{"@id":"https:\/\/hps-campus.de\/#\/schema\/logo\/image\/"}}]}},"_links":{"self":[{"href":"http:\/\/hps-campus.de\/en\/wp-json\/wp\/v2\/pages\/525","targetHints":{"allow":["GET"]}}],"collection":[{"href":"http:\/\/hps-campus.de\/en\/wp-json\/wp\/v2\/pages"}],"about":[{"href":"http:\/\/hps-campus.de\/en\/wp-json\/wp\/v2\/types\/page"}],"author":[{"embeddable":true,"href":"http:\/\/hps-campus.de\/en\/wp-json\/wp\/v2\/users\/2"}],"replies":[{"embeddable":true,"href":"http:\/\/hps-campus.de\/en\/wp-json\/wp\/v2\/comments?post=525"}],"version-history":[{"count":7,"href":"http:\/\/hps-campus.de\/en\/wp-json\/wp\/v2\/pages\/525\/revisions"}],"predecessor-version":[{"id":532,"href":"http:\/\/hps-campus.de\/en\/wp-json\/wp\/v2\/pages\/525\/revisions\/532"}],"wp:attachment":[{"href":"http:\/\/hps-campus.de\/en\/wp-json\/wp\/v2\/media?parent=525"}],"curies":[{"name":"wp","href":"https:\/\/api.w.org\/{rel}","templated":true}]}}