{"id":514,"date":"2025-10-29T22:26:48","date_gmt":"2025-10-29T22:26:48","guid":{"rendered":"http:\/\/hps-campus.de\/?page_id=514"},"modified":"2025-11-10T21:26:29","modified_gmt":"2025-11-10T21:26:29","slug":"impressum","status":"publish","type":"page","link":"http:\/\/hps-campus.de\/en\/impressum\/","title":{"rendered":"Impressum"},"content":{"rendered":"<div data-elementor-type=\"wp-page\" data-elementor-id=\"514\" class=\"elementor elementor-514\" data-elementor-post-type=\"page\">\n\t\t\t\t<div class=\"elementor-element elementor-element-b6200ab e-flex e-con-boxed e-con e-parent\" data-id=\"b6200ab\" data-element_type=\"container\" data-settings=\"{&quot;background_background&quot;:&quot;classic&quot;}\">\n\t\t\t\t\t<div class=\"e-con-inner\">\n\t\t<div class=\"elementor-element elementor-element-37d7e96 e-con-full e-flex e-con e-child\" data-id=\"37d7e96\" data-element_type=\"container\">\n\t\t\t\t<div class=\"elementor-element elementor-element-85e7ee0 elementor-widget__width-initial elementor-widget elementor-widget-heading\" data-id=\"85e7ee0\" data-element_type=\"widget\" data-widget_type=\"heading.default\">\n\t\t\t\t\t<h2 class=\"elementor-heading-title elementor-size-default\">Impressum<\/h2>\t\t\t\t<\/div>\n\t\t\t\t<\/div>\n\t\t\t\t\t<\/div>\n\t\t\t\t<\/div>\n\t\t<div class=\"elementor-element elementor-element-0e64f00 e-flex e-con-boxed e-con e-parent\" data-id=\"0e64f00\" data-element_type=\"container\">\n\t\t\t\t\t<div class=\"e-con-inner\">\n\t\t\t\t<div class=\"elementor-element elementor-element-6218c9c elementor-widget elementor-widget-text-editor\" data-id=\"6218c9c\" data-element_type=\"widget\" data-widget_type=\"text-editor.default\">\n\t\t\t\t\t\t\t\t\t<p class=\"my-2 [&amp;+p]:mt-4 [&amp;_strong:has(+br)]:inline-block [&amp;_strong:has(+br)]:pb-2\"><strong>Angaben gem\u00e4\u00df \u00a7 5 TMG<\/strong><\/p><p class=\"my-2 [&amp;+p]:mt-4 [&amp;_strong:has(+br)]:inline-block [&amp;_strong:has(+br)]:pb-2\">HPS-Campus<br \/>Emil Bergfeld<br \/>Sigmund-Freud-Str. 68<br \/>60435 Frankfurt am Main<\/p><p class=\"my-2 [&amp;+p]:mt-4 [&amp;_strong:has(+br)]:inline-block [&amp;_strong:has(+br)]:pb-2\">Telefon: +49 069 272 403 52<br \/>E-Mail:\u00a0<a class=\"reset interactable cursor-pointer decoration-1 underline-offset-1 text-super hover:underline font-semibold\" href=\"mailto:praesentieren@hps-campus.de\" target=\"_blank\" rel=\"nofollow noopener\"><span class=\"text-box-trim-both\">praesentieren@hps-campus.de<\/span><\/a><\/p><p class=\"my-2 [&amp;+p]:mt-4 [&amp;_strong:has(+br)]:inline-block [&amp;_strong:has(+br)]:pb-2\"><strong>Verantwortlich f\u00fcr den Inhalt nach \u00a7 55 Abs. 2 RStV:<\/strong><br \/>Emil Bergfeld, Siegmund-Freud-Str. 68, 60435 Frankfurt am Main<\/p><p class=\"my-2 [&amp;+p]:mt-4 [&amp;_strong:has(+br)]:inline-block [&amp;_strong:has(+br)]:pb-2\"><strong>Haftungsausschluss:<\/strong><br \/>Trotz sorgf\u00e4ltiger inhaltlicher Kontrolle \u00fcbernehmen wir keine Haftung f\u00fcr die Inhalte externer Links. F\u00fcr den Inhalt der verlinkten Seiten sind ausschlie\u00dflich deren Betreiber verantwortlich.<\/p><p class=\"my-2 [&amp;+p]:mt-4 [&amp;_strong:has(+br)]:inline-block [&amp;_strong:has(+br)]:pb-2\"><strong>Urheberrecht:<\/strong><br \/>Die durch die Seitenbetreiber erstellten Inhalte und Werke auf diesen Seiten unterliegen dem deutschen Urheberrecht. Die Vervielf\u00e4ltigung, Bearbeitung, Verbreitung und jede Art der Verwertung au\u00dferhalb der Grenzen des Urheberrechtes bed\u00fcrfen der schriftlichen Zustimmung des jeweiligen Autors bzw. Erstellers.<\/p>\t\t\t\t\t\t\t\t<\/div>\n\t\t\t\t\t<\/div>\n\t\t\t\t<\/div>\n\t\t\t\t<\/div>","protected":false},"excerpt":{"rendered":"<p>Impressum Angaben gem\u00e4\u00df \u00a7 5 TMG HPS-CampusEmil BergfeldSigmund-Freud-Str. 6860435 Frankfurt am Main Telefon: +49 069 272 403 52E-Mail:\u00a0praesentieren@hps-campus.de Verantwortlich f\u00fcr den Inhalt nach \u00a7 55 Abs. 2 RStV:Emil Bergfeld, Siegmund-Freud-Str. 68, 60435 Frankfurt am Main Haftungsausschluss:Trotz sorgf\u00e4ltiger inhaltlicher Kontrolle \u00fcbernehmen wir keine Haftung f\u00fcr die Inhalte externer Links. F\u00fcr den Inhalt der verlinkten Seiten sind [&hellip;]<\/p>","protected":false},"author":2,"featured_media":0,"parent":0,"menu_order":0,"comment_status":"closed","ping_status":"closed","template":"elementor_header_footer","meta":{"footnotes":""},"class_list":["post-514","page","type-page","status-publish","hentry"],"yoast_head":"<!-- This site is optimized with the Yoast SEO plugin v26.2 - https:\/\/yoast.com\/wordpress\/plugins\/seo\/ -->\n<title>Impressum - HPS CAMPUS<\/title>\n<meta name=\"robots\" content=\"index, follow, max-snippet:-1, max-image-preview:large, max-video-preview:-1\" \/>\n<link rel=\"canonical\" href=\"http:\/\/hps-campus.de\/en\/impressum\/\" \/>\n<meta property=\"og:locale\" content=\"en_US\" \/>\n<meta property=\"og:type\" content=\"article\" \/>\n<meta property=\"og:title\" content=\"Impressum - HPS CAMPUS\" \/>\n<meta property=\"og:description\" content=\"Impressum Angaben gem\u00e4\u00df \u00a7 5 TMG HPS-CampusEmil BergfeldSigmund-Freud-Str. 6860435 Frankfurt am Main Telefon: +49 069 272 403 52E-Mail:\u00a0praesentieren@hps-campus.de Verantwortlich f\u00fcr den Inhalt nach \u00a7 55 Abs. 2 RStV:Emil Bergfeld, Siegmund-Freud-Str. 68, 60435 Frankfurt am Main Haftungsausschluss:Trotz sorgf\u00e4ltiger inhaltlicher Kontrolle \u00fcbernehmen wir keine Haftung f\u00fcr die Inhalte externer Links. F\u00fcr den Inhalt der verlinkten Seiten sind [&hellip;]\" \/>\n<meta property=\"og:url\" content=\"http:\/\/hps-campus.de\/en\/impressum\/\" \/>\n<meta property=\"og:site_name\" content=\"HPS CAMPUS\" \/>\n<meta property=\"article:modified_time\" content=\"2025-11-10T21:26:29+00:00\" \/>\n<meta name=\"twitter:card\" content=\"summary_large_image\" \/>\n<meta name=\"twitter:label1\" content=\"Est. reading time\" \/>\n\t<meta name=\"twitter:data1\" content=\"1 minute\" \/>\n<script type=\"application\/ld+json\" class=\"yoast-schema-graph\">{\"@context\":\"https:\/\/schema.org\",\"@graph\":[{\"@type\":\"WebPage\",\"@id\":\"http:\/\/hps-campus.de\/impressum\/\",\"url\":\"http:\/\/hps-campus.de\/impressum\/\",\"name\":\"Impressum - HPS CAMPUS\",\"isPartOf\":{\"@id\":\"https:\/\/hps-campus.de\/#website\"},\"datePublished\":\"2025-10-29T22:26:48+00:00\",\"dateModified\":\"2025-11-10T21:26:29+00:00\",\"breadcrumb\":{\"@id\":\"http:\/\/hps-campus.de\/impressum\/#breadcrumb\"},\"inLanguage\":\"en-US\",\"potentialAction\":[{\"@type\":\"ReadAction\",\"target\":[\"http:\/\/hps-campus.de\/impressum\/\"]}]},{\"@type\":\"BreadcrumbList\",\"@id\":\"http:\/\/hps-campus.de\/impressum\/#breadcrumb\",\"itemListElement\":[{\"@type\":\"ListItem\",\"position\":1,\"name\":\"Startseite\",\"item\":\"https:\/\/hps-campus.de\/\"},{\"@type\":\"ListItem\",\"position\":2,\"name\":\"Impressum\"}]},{\"@type\":\"WebSite\",\"@id\":\"https:\/\/hps-campus.de\/#website\",\"url\":\"https:\/\/hps-campus.de\/\",\"name\":\"HPS CAMPUS\",\"description\":\"Heute lernen, was Du morgen brauchst.\",\"publisher\":{\"@id\":\"https:\/\/hps-campus.de\/#organization\"},\"potentialAction\":[{\"@type\":\"SearchAction\",\"target\":{\"@type\":\"EntryPoint\",\"urlTemplate\":\"https:\/\/hps-campus.de\/?s={search_term_string}\"},\"query-input\":{\"@type\":\"PropertyValueSpecification\",\"valueRequired\":true,\"valueName\":\"search_term_string\"}}],\"inLanguage\":\"en-US\"},{\"@type\":\"Organization\",\"@id\":\"https:\/\/hps-campus.de\/#organization\",\"name\":\"HPS CAMPUS\",\"url\":\"https:\/\/hps-campus.de\/\",\"logo\":{\"@type\":\"ImageObject\",\"inLanguage\":\"en-US\",\"@id\":\"https:\/\/hps-campus.de\/#\/schema\/logo\/image\/\",\"url\":\"http:\/\/hps-campus.de\/wp-content\/uploads\/2025\/10\/Bildschirmfoto_17-5-2025_04752_-1.jpg\",\"contentUrl\":\"http:\/\/hps-campus.de\/wp-content\/uploads\/2025\/10\/Bildschirmfoto_17-5-2025_04752_-1.jpg\",\"width\":228,\"height\":122,\"caption\":\"HPS CAMPUS\"},\"image\":{\"@id\":\"https:\/\/hps-campus.de\/#\/schema\/logo\/image\/\"}}]}<\/script>\n<!-- \/ Yoast SEO plugin. -->","yoast_head_json":{"title":"Impressum - HPS CAMPUS","robots":{"index":"index","follow":"follow","max-snippet":"max-snippet:-1","max-image-preview":"max-image-preview:large","max-video-preview":"max-video-preview:-1"},"canonical":"http:\/\/hps-campus.de\/en\/impressum\/","og_locale":"en_US","og_type":"article","og_title":"Impressum - HPS CAMPUS","og_description":"Impressum Angaben gem\u00e4\u00df \u00a7 5 TMG HPS-CampusEmil BergfeldSigmund-Freud-Str. 6860435 Frankfurt am Main Telefon: +49 069 272 403 52E-Mail:\u00a0praesentieren@hps-campus.de Verantwortlich f\u00fcr den Inhalt nach \u00a7 55 Abs. 2 RStV:Emil Bergfeld, Siegmund-Freud-Str. 68, 60435 Frankfurt am Main Haftungsausschluss:Trotz sorgf\u00e4ltiger inhaltlicher Kontrolle \u00fcbernehmen wir keine Haftung f\u00fcr die Inhalte externer Links. F\u00fcr den Inhalt der verlinkten Seiten sind [&hellip;]","og_url":"http:\/\/hps-campus.de\/en\/impressum\/","og_site_name":"HPS CAMPUS","article_modified_time":"2025-11-10T21:26:29+00:00","twitter_card":"summary_large_image","twitter_misc":{"Est. reading time":"1 minute"},"schema":{"@context":"https:\/\/schema.org","@graph":[{"@type":"WebPage","@id":"http:\/\/hps-campus.de\/impressum\/","url":"http:\/\/hps-campus.de\/impressum\/","name":"Impressum - HPS CAMPUS","isPartOf":{"@id":"https:\/\/hps-campus.de\/#website"},"datePublished":"2025-10-29T22:26:48+00:00","dateModified":"2025-11-10T21:26:29+00:00","breadcrumb":{"@id":"http:\/\/hps-campus.de\/impressum\/#breadcrumb"},"inLanguage":"en-US","potentialAction":[{"@type":"ReadAction","target":["http:\/\/hps-campus.de\/impressum\/"]}]},{"@type":"BreadcrumbList","@id":"http:\/\/hps-campus.de\/impressum\/#breadcrumb","itemListElement":[{"@type":"ListItem","position":1,"name":"Startseite","item":"https:\/\/hps-campus.de\/"},{"@type":"ListItem","position":2,"name":"Impressum"}]},{"@type":"WebSite","@id":"https:\/\/hps-campus.de\/#website","url":"https:\/\/hps-campus.de\/","name":"HPS CAMPUS","description":"Heute lernen, was Du morgen brauchst.","publisher":{"@id":"https:\/\/hps-campus.de\/#organization"},"potentialAction":[{"@type":"SearchAction","target":{"@type":"EntryPoint","urlTemplate":"https:\/\/hps-campus.de\/?s={search_term_string}"},"query-input":{"@type":"PropertyValueSpecification","valueRequired":true,"valueName":"search_term_string"}}],"inLanguage":"en-US"},{"@type":"Organization","@id":"https:\/\/hps-campus.de\/#organization","name":"HPS CAMPUS","url":"https:\/\/hps-campus.de\/","logo":{"@type":"ImageObject","inLanguage":"en-US","@id":"https:\/\/hps-campus.de\/#\/schema\/logo\/image\/","url":"http:\/\/hps-campus.de\/wp-content\/uploads\/2025\/10\/Bildschirmfoto_17-5-2025_04752_-1.jpg","contentUrl":"http:\/\/hps-campus.de\/wp-content\/uploads\/2025\/10\/Bildschirmfoto_17-5-2025_04752_-1.jpg","width":228,"height":122,"caption":"HPS CAMPUS"},"image":{"@id":"https:\/\/hps-campus.de\/#\/schema\/logo\/image\/"}}]}},"_links":{"self":[{"href":"http:\/\/hps-campus.de\/en\/wp-json\/wp\/v2\/pages\/514","targetHints":{"allow":["GET"]}}],"collection":[{"href":"http:\/\/hps-campus.de\/en\/wp-json\/wp\/v2\/pages"}],"about":[{"href":"http:\/\/hps-campus.de\/en\/wp-json\/wp\/v2\/types\/page"}],"author":[{"embeddable":true,"href":"http:\/\/hps-campus.de\/en\/wp-json\/wp\/v2\/users\/2"}],"replies":[{"embeddable":true,"href":"http:\/\/hps-campus.de\/en\/wp-json\/wp\/v2\/comments?post=514"}],"version-history":[{"count":10,"href":"http:\/\/hps-campus.de\/en\/wp-json\/wp\/v2\/pages\/514\/revisions"}],"predecessor-version":[{"id":871,"href":"http:\/\/hps-campus.de\/en\/wp-json\/wp\/v2\/pages\/514\/revisions\/871"}],"wp:attachment":[{"href":"http:\/\/hps-campus.de\/en\/wp-json\/wp\/v2\/media?parent=514"}],"curies":[{"name":"wp","href":"https:\/\/api.w.org\/{rel}","templated":true}]}}